{"id":759,"date":"2017-02-03T14:55:51","date_gmt":"2017-02-03T13:55:51","guid":{"rendered":"http:\/\/meublesdelamontagne.com\/en\/a-propos\/"},"modified":"2017-04-03T15:55:19","modified_gmt":"2017-04-03T13:55:19","slug":"about","status":"publish","type":"page","link":"https:\/\/meublesdelamontagne.com\/en\/about\/","title":{"rendered":"About the association (french)"},"content":{"rendered":"<div class=\"wpb-content-wrapper\"><p>[vc_row css_animation=&#8221;&#8221; row_type=&#8221;row&#8221; use_row_as_full_screen_section=&#8221;no&#8221; type=&#8221;grid&#8221; anchor=&#8221;about&#8221; angled_section=&#8221;no&#8221; text_align=&#8221;left&#8221; background_image_as_pattern=&#8221;without_pattern&#8221; css=&#8221;.vc_custom_1489483609402{padding-top: 100px !important;padding-bottom: 87px !important;}&#8221; el_id=&#8221;questions&#8221;][vc_column][vc_empty_space height=&#8221;26px&#8221;][vc_column_text]<\/p>\n<h2 style=\"text-align: center; font-size: 48px;\">Our association<\/h2>\n<p>[\/vc_column_text][vc_empty_space height=&#8221;50px&#8221;][vc_row_inner row_type=&#8221;row&#8221; type=&#8221;full_width&#8221; text_align=&#8221;left&#8221; css_animation=&#8221;&#8221;][vc_column_inner width=&#8221;1\/2&#8243;][vc_empty_space height=&#8221;21px&#8221;][vc_column_text]<\/p>\n<h2>vous recherchez un h\u00e9bergement dans la vall\u00e9e de peisey-vallandry ?<\/h2>\n<p>[\/vc_column_text][vc_empty_space height=&#8221;30px&#8221;][vc_column_text]L&#8217;association &#8220;les Meubl\u00e9s de la Montagne&#8221; vous met en contact direct avec des particuliers qui vous proposeront leur logement (chalet, appartement, maison) en location. Pr\u00e8s de 100 propri\u00e9taires sont regroup\u00e9s au sein de cette association pour vous offrir un choix de qualit\u00e9.[\/vc_column_text][vc_empty_space height=&#8221;40px&#8221;][\/vc_column_inner][vc_column_inner width=&#8221;1\/2&#8243;][vc_empty_space height=&#8221;21px&#8221;][vc_column_text]<\/p>\n<h2>vous poss\u00e9dez un h\u00e9bergement dans la vall\u00e9e de peisey-vallandry et aimeriez le louer en conservant toutes vos libert\u00e9s ?<\/h2>\n<p>[\/vc_column_text][vc_column_text]L&#8217;association &#8220;les Meubl\u00e9s de la Montagne&#8221; se propose de vous mettre en contact avec des personnes int\u00e9ress\u00e9es et vous laisse totale libert\u00e9 et responsabilit\u00e9 dans la transaction que vous menez avec ces derni\u00e8res.[\/vc_column_text][vc_empty_space height=&#8221;40px&#8221;][\/vc_column_inner][\/vc_row_inner][vc_row_inner row_type=&#8221;row&#8221; type=&#8221;full_width&#8221; text_align=&#8221;left&#8221; css_animation=&#8221;&#8221;][vc_column_inner width=&#8221;1\/4&#8243;][\/vc_column_inner][vc_column_inner width=&#8221;1\/2&#8243;][vc_empty_space height=&#8221;21px&#8221;][\/vc_column_inner][vc_column_inner width=&#8221;1\/4&#8243;][\/vc_column_inner][\/vc_row_inner][\/vc_column][\/vc_row][vc_row css_animation=&#8221;&#8221; row_type=&#8221;row&#8221; use_row_as_full_screen_section=&#8221;no&#8221; type=&#8221;grid&#8221; anchor=&#8221;news&#8221; angled_section=&#8221;no&#8221; text_align=&#8221;left&#8221; background_image_as_pattern=&#8221;without_pattern&#8221;][vc_column css=&#8221;.vc_custom_1468419477434{padding-top: 9% !important;padding-bottom: 11.35% !important;}&#8221;][vc_column_text]<\/p>\n<h2 style=\"text-align: center; font-size: 48px;\">r\u00e8glement int\u00e9rieur<\/h2>\n<p>[\/vc_column_text][vc_empty_space height=&#8221;11px&#8221;][vc_column_text]<\/p>\n<h5 style=\"text-align: center;\">Ce r\u00e8glement int\u00e9rieur, \u00e9tabli en application de l&#8217;Article 27 des Statuts de l&#8217;Association est destin\u00e9 \u00e0 pr\u00e9ciser le fonctionnement pratique des activit\u00e9s de l&#8217;Association. En adh\u00e9rant \u00e0 l&#8217;Association, chaque membre accepte d&#8217;en respecter les dispositions<\/h5>\n<p>[\/vc_column_text][vc_empty_space height=&#8221;68px&#8221;][vc_column_text]<\/p>\n<h3>Article 1 &#8211; SECRETARIAT PERMANENT :<\/h3>\n<p>[\/vc_column_text][vc_empty_space height=&#8221;15px&#8221;][vc_column_text]<\/p>\n<p align=\"left\">Il est cr\u00e9\u00e9 au sein de l&#8217;Association un secr\u00e9tariat permanent, tenu par le tr\u00e9sorier de l&#8217;Association. Ce secr\u00e9tariat assure, en plus des fonctions de tr\u00e9sorier, les missions suivantes :<\/p>\n<p>&nbsp;<\/p>\n<ul>\n<li>Il tient \u00e0 jour la liste des membres de l&#8217;association et l&#8217;actualise, en particulier chaque ann\u00e9e, au mois de septembre lors de la perception des cotisations annuelles.<\/li>\n<li>Il assure le secr\u00e9tariat courant de l&#8217;Association.<\/li>\n<li>Il met \u00e0 jour r\u00e9guli\u00e8rement le site Internet de l&#8217;Association.<\/li>\n<\/ul>\n<p align=\"left\">L&#8217;association peut \u00eatre contact\u00e9e :<\/p>\n<ul>\n<li>par courrier : Association des Meubl\u00e9s de la Montagne. Chez Mme Fernandes 327 ch du triadou 34820 Assas<\/li>\n<li>par \u00ab mail \u00bb : meublesdelamontagne@gmail.com<\/li>\n<li>L&#8217;adresse du site Internet de l&#8217;Association est la suivante : http:\/\/www.meublesdelamontagne.com<\/li>\n<\/ul>\n<p>[\/vc_column_text][vc_empty_space height=&#8221;68px&#8221;][vc_column_text]<\/p>\n<h3>Article 2 &#8211; TENUE A JOUR DE LA LISTE DES MEMBRES DE L&#8217;ASSOCIATION<\/h3>\n<p>[\/vc_column_text][vc_empty_space height=&#8221;15px&#8221;][vc_column_text]La liste des membres de l&#8217;Association est actualis\u00e9e chaque ann\u00e9e au mois de septembre. Cette actualisation permet d&#8217;\u00e9tablir la liste des meubl\u00e9s qui sont propos\u00e9s \u00e0 la location par les membres de l&#8217;Association. Pour que les logements apparaissent sur le r\u00e9sultat des recherches effectu\u00e9es sur le site de l&#8217;association,il est imp\u00e9ratif que les informations relatives au meubl\u00e9 soient mises \u00e0 jour et les cotisations r\u00e9gl\u00e9es au plus tard le 20 septembre de chaque ann\u00e9e.<\/p>\n<p>&nbsp;<\/p>\n<p>Les adh\u00e9sions et cotisations re\u00e7ues apr\u00e8s cette date ne seront prises en compte sur le site internet que dans les semaines qui suivront l&#8217;adh\u00e9sion et seront valables uniquement pour la saison en cours (saison de septembre \u00e0 septembre).[\/vc_column_text][vc_empty_space height=&#8221;68px&#8221;][vc_column_text]<\/p>\n<h3>Article 3 &#8211; TENUE A JOUR DU PLANNING DES RESERVATIONS.<\/h3>\n<p>[\/vc_column_text][vc_empty_space height=&#8221;15px&#8221;][vc_column_text]Il est cr\u00e9\u00e9 et tenu \u00e0 jour au profit des demandeurs d&#8217;h\u00e9bergement un planning des locations disponibles. Ce planning est disponible au secr\u00e9tariat permanent, et sur le site Internet de l&#8217;Association. Pour des raisons d&#8217;efficacit\u00e9, et de cr\u00e9dibilit\u00e9 vis-\u00e0-vis des demandeurs d&#8217;h\u00e9bergement, il est imp\u00e9ratif que les informations figurant sur ce planning soient exactes, donc tenues \u00e0 jour en temps r\u00e9el. Pour y parvenir, les membres de l&#8217;association doivent imm\u00e9diatement modifier sur le site l&#8217;information concernant les disponibilit\u00e9s de leur meubl\u00e9.<\/p>\n<p>Les membres de l&#8217;Association qui ne respectent pas cette disposition seront exclus de l&#8217;Association apr\u00e8s un rappel qui leur sera transmis par courrier.<br \/>\nIl est souhaitable, pour une efficacit\u00e9 maximum, et dans l&#8217;int\u00e9r\u00eat de tous, que les propri\u00e9taires qui sont sollicit\u00e9s pour une location qu&#8217;ils ne peuvent satisfaire, proposent aux demandeurs d&#8217;h\u00e9bergement de contacter l&#8217; Association soit via son site internet soit via le secr\u00e9tariat permanent de l&#8217;Association, qui pourra leur proposer la liste des locations disponibles. Cette disposition doit permettre d&#8217;assurer un meilleur \u00ab remplissage \u00bbdes locations disponibles.<\/p>\n<p>[\/vc_column_text][vc_empty_space height=&#8221;68px&#8221;][vc_column_text]<\/p>\n<h3>Article 4 &#8211; DISPOSITIONS GENERALES A RESPECTER EN CE QUI CONCERNE LES LOCATIONS.<\/h3>\n<p>[\/vc_column_text][vc_empty_space height=&#8221;15px&#8221;][vc_column_text]<b><\/b><\/p>\n<h5 style=\"font-size: 14px;\">Article 1 &#8211; SECRETARIAT PERMANENT :<\/h5>\n<p>[\/vc_column_text][vc_column_text]Les logements propos\u00e9s \u00e0 la location devront \u00eatre tenus en bon \u00e9tat et dans un \u00e9tat correct de propret\u00e9.<br \/>\nLes r\u00e9clamations des locataires, qui seront envoy\u00e9es \u00e0 l&#8217;Association, seront transmises au propri\u00e9taire concern\u00e9.<br \/>\nLes membres de l&#8217;Association qui proposeraient \u00e0 la location des logements dans un \u00e9tat incorrect, pourront, apr\u00e8s visite de leur logement \u00eatre exclus de l&#8217;association.<br \/>\nDes contrats, clairs et pr\u00e9cis, concernant chaque location doivent \u00eatre \u00e9tablis, entre locataire et propri\u00e9taire. Ils doivent comprendre un descriptif d\u00e9taill\u00e9 du logement, si possible avec un plan, et pr\u00e9ciser les obligations respectives du locataire et du propri\u00e9taire. Un mod\u00e8le est disponible sur demande aupr\u00e8s du secr\u00e9tariat permanent de l&#8217;Association.<\/p>\n<p>[\/vc_column_text][vc_empty_space height=&#8221;68px&#8221;][vc_column_text]<\/p>\n<h3>Article 5 &#8211; ASSEMBLEE GENERALE<\/h3>\n<p>[\/vc_column_text][vc_empty_space height=&#8221;15px&#8221;][vc_column_text]Les membres de l&#8217;Association s&#8217;engagent, sauf cas de force majeure, \u00e0 assister personnellement ou \u00e0 d\u00e9faut, \u00e0 se faire repr\u00e9senter \u00e0 l&#8217;Assembl\u00e9e G\u00e9n\u00e9rale de l&#8217;Association qui se tient chaque ann\u00e9e, en principe en fin d&#8217;ann\u00e9e. Des \u00ab pouvoirs \u00bb envoy\u00e9s \u00e0 chacun avec les convocations de l&#8217;Assembl\u00e9e G\u00e9n\u00e9rale, doivent imp\u00e9rativement \u00eatre utilis\u00e9s par ceux qui ne peuvent pas assister \u00e0 l&#8217;Assembl\u00e9e G\u00e9n\u00e9rale.[\/vc_column_text][vc_empty_space height=&#8221;68px&#8221;][\/vc_column][\/vc_row]<\/p>\n<\/div>","protected":false},"excerpt":{"rendered":"<p>[vc_row css_animation=&#8221;&#8221; row_type=&#8221;row&#8221; use_row_as_full_screen_section=&#8221;no&#8221; type=&#8221;grid&#8221; anchor=&#8221;about&#8221; angled_section=&#8221;no&#8221; text_align=&#8221;left&#8221; background_image_as_pattern=&#8221;without_pattern&#8221; css=&#8221;.vc_custom_1489483609402{padding-top: 100px !important;padding-bottom: 87px !important;}&#8221; el_id=&#8221;questions&#8221;][vc_column][vc_empty_space height=&#8221;26px&#8221;][vc_column_text] Our association [\/vc_column_text][vc_empty_space height=&#8221;50px&#8221;][vc_row_inner row_type=&#8221;row&#8221; type=&#8221;full_width&#8221; text_align=&#8221;left&#8221; css_animation=&#8221;&#8221;][vc_column_inner width=&#8221;1\/2&#8243;][vc_empty_space height=&#8221;21px&#8221;][vc_column_text] vous recherchez un h\u00e9bergement dans la vall\u00e9e de peisey-vallandry ? [\/vc_column_text][vc_empty_space height=&#8221;30px&#8221;][vc_column_text]L&#8217;association &#8220;les Meubl\u00e9s de la Montagne&#8221; vous met&#8230;<\/p>\n","protected":false},"author":1,"featured_media":0,"parent":0,"menu_order":0,"comment_status":"closed","ping_status":"closed","template":"full_width.php","meta":{"footnotes":""},"class_list":["post-759","page","type-page","status-publish","hentry"],"yoast_head":"<!-- This site is optimized with the Yoast SEO plugin v23.5 - https:\/\/yoast.com\/wordpress\/plugins\/seo\/ -->\n<title>About the association (french) - Meubles De La Montagne<\/title>\n<meta name=\"robots\" content=\"index, follow, max-snippet:-1, max-image-preview:large, max-video-preview:-1\" \/>\n<link rel=\"canonical\" href=\"https:\/\/meublesdelamontagne.com\/a-propos\/\" \/>\n<meta property=\"og:locale\" content=\"en_US\" \/>\n<meta property=\"og:type\" content=\"article\" \/>\n<meta property=\"og:title\" content=\"About the association (french) - Meubles De La Montagne\" \/>\n<meta property=\"og:description\" content=\"[vc_row css_animation=&#8221;&#8221; row_type=&#8221;row&#8221; use_row_as_full_screen_section=&#8221;no&#8221; type=&#8221;grid&#8221; anchor=&#8221;about&#8221; angled_section=&#8221;no&#8221; text_align=&#8221;left&#8221; background_image_as_pattern=&#8221;without_pattern&#8221; css=&#8221;.vc_custom_1489483609402{padding-top: 100px !important;padding-bottom: 87px !important;}&#8221; el_id=&#8221;questions&#8221;][vc_column][vc_empty_space height=&#8221;26px&#8221;][vc_column_text] Our association [\/vc_column_text][vc_empty_space height=&#8221;50px&#8221;][vc_row_inner row_type=&#8221;row&#8221; type=&#8221;full_width&#8221; text_align=&#8221;left&#8221; css_animation=&#8221;&#8221;][vc_column_inner width=&#8221;1\/2&#8243;][vc_empty_space height=&#8221;21px&#8221;][vc_column_text] vous recherchez un h\u00e9bergement dans la vall\u00e9e de peisey-vallandry ? [\/vc_column_text][vc_empty_space height=&#8221;30px&#8221;][vc_column_text]L&#8217;association &#8220;les Meubl\u00e9s de la Montagne&#8221; vous met...\" \/>\n<meta property=\"og:url\" content=\"https:\/\/meublesdelamontagne.com\/a-propos\/\" \/>\n<meta property=\"og:site_name\" content=\"Meubles De La Montagne\" \/>\n<meta property=\"article:modified_time\" content=\"2017-04-03T13:55:19+00:00\" \/>\n<meta name=\"twitter:card\" content=\"summary_large_image\" \/>\n<meta name=\"twitter:label1\" content=\"Est. reading time\" \/>\n\t<meta name=\"twitter:data1\" content=\"6 minutes\" \/>\n<script type=\"application\/ld+json\" class=\"yoast-schema-graph\">{\"@context\":\"https:\/\/schema.org\",\"@graph\":[{\"@type\":\"WebPage\",\"@id\":\"https:\/\/meublesdelamontagne.com\/a-propos\/\",\"url\":\"https:\/\/meublesdelamontagne.com\/a-propos\/\",\"name\":\"About the association (french) - Meubles De La Montagne\",\"isPartOf\":{\"@id\":\"https:\/\/meublesdelamontagne.com\/#website\"},\"datePublished\":\"2017-02-03T13:55:51+00:00\",\"dateModified\":\"2017-04-03T13:55:19+00:00\",\"breadcrumb\":{\"@id\":\"https:\/\/meublesdelamontagne.com\/a-propos\/#breadcrumb\"},\"inLanguage\":\"en-US\",\"potentialAction\":[{\"@type\":\"ReadAction\",\"target\":[\"https:\/\/meublesdelamontagne.com\/a-propos\/\"]}]},{\"@type\":\"BreadcrumbList\",\"@id\":\"https:\/\/meublesdelamontagne.com\/a-propos\/#breadcrumb\",\"itemListElement\":[{\"@type\":\"ListItem\",\"position\":1,\"name\":\"Accueil\",\"item\":\"https:\/\/meublesdelamontagne.com\/\"},{\"@type\":\"ListItem\",\"position\":2,\"name\":\"About the association (french)\"}]},{\"@type\":\"WebSite\",\"@id\":\"https:\/\/meublesdelamontagne.com\/#website\",\"url\":\"https:\/\/meublesdelamontagne.com\/\",\"name\":\"Meubles De La Montagne\",\"description\":\"Un site utilisant WordPress\",\"potentialAction\":[{\"@type\":\"SearchAction\",\"target\":{\"@type\":\"EntryPoint\",\"urlTemplate\":\"https:\/\/meublesdelamontagne.com\/?s={search_term_string}\"},\"query-input\":{\"@type\":\"PropertyValueSpecification\",\"valueRequired\":true,\"valueName\":\"search_term_string\"}}],\"inLanguage\":\"en-US\"}]}<\/script>\n<!-- \/ Yoast SEO plugin. -->","yoast_head_json":{"title":"About the association (french) - Meubles De La Montagne","robots":{"index":"index","follow":"follow","max-snippet":"max-snippet:-1","max-image-preview":"max-image-preview:large","max-video-preview":"max-video-preview:-1"},"canonical":"https:\/\/meublesdelamontagne.com\/a-propos\/","og_locale":"en_US","og_type":"article","og_title":"About the association (french) - Meubles De La Montagne","og_description":"[vc_row css_animation=&#8221;&#8221; row_type=&#8221;row&#8221; use_row_as_full_screen_section=&#8221;no&#8221; type=&#8221;grid&#8221; anchor=&#8221;about&#8221; angled_section=&#8221;no&#8221; text_align=&#8221;left&#8221; background_image_as_pattern=&#8221;without_pattern&#8221; css=&#8221;.vc_custom_1489483609402{padding-top: 100px !important;padding-bottom: 87px !important;}&#8221; el_id=&#8221;questions&#8221;][vc_column][vc_empty_space height=&#8221;26px&#8221;][vc_column_text] Our association [\/vc_column_text][vc_empty_space height=&#8221;50px&#8221;][vc_row_inner row_type=&#8221;row&#8221; type=&#8221;full_width&#8221; text_align=&#8221;left&#8221; css_animation=&#8221;&#8221;][vc_column_inner width=&#8221;1\/2&#8243;][vc_empty_space height=&#8221;21px&#8221;][vc_column_text] vous recherchez un h\u00e9bergement dans la vall\u00e9e de peisey-vallandry ? [\/vc_column_text][vc_empty_space height=&#8221;30px&#8221;][vc_column_text]L&#8217;association &#8220;les Meubl\u00e9s de la Montagne&#8221; vous met...","og_url":"https:\/\/meublesdelamontagne.com\/a-propos\/","og_site_name":"Meubles De La Montagne","article_modified_time":"2017-04-03T13:55:19+00:00","twitter_card":"summary_large_image","twitter_misc":{"Est. reading time":"6 minutes"},"schema":{"@context":"https:\/\/schema.org","@graph":[{"@type":"WebPage","@id":"https:\/\/meublesdelamontagne.com\/a-propos\/","url":"https:\/\/meublesdelamontagne.com\/a-propos\/","name":"About the association (french) - Meubles De La Montagne","isPartOf":{"@id":"https:\/\/meublesdelamontagne.com\/#website"},"datePublished":"2017-02-03T13:55:51+00:00","dateModified":"2017-04-03T13:55:19+00:00","breadcrumb":{"@id":"https:\/\/meublesdelamontagne.com\/a-propos\/#breadcrumb"},"inLanguage":"en-US","potentialAction":[{"@type":"ReadAction","target":["https:\/\/meublesdelamontagne.com\/a-propos\/"]}]},{"@type":"BreadcrumbList","@id":"https:\/\/meublesdelamontagne.com\/a-propos\/#breadcrumb","itemListElement":[{"@type":"ListItem","position":1,"name":"Accueil","item":"https:\/\/meublesdelamontagne.com\/"},{"@type":"ListItem","position":2,"name":"About the association (french)"}]},{"@type":"WebSite","@id":"https:\/\/meublesdelamontagne.com\/#website","url":"https:\/\/meublesdelamontagne.com\/","name":"Meubles De La Montagne","description":"Un site utilisant WordPress","potentialAction":[{"@type":"SearchAction","target":{"@type":"EntryPoint","urlTemplate":"https:\/\/meublesdelamontagne.com\/?s={search_term_string}"},"query-input":{"@type":"PropertyValueSpecification","valueRequired":true,"valueName":"search_term_string"}}],"inLanguage":"en-US"}]}},"_links":{"self":[{"href":"https:\/\/meublesdelamontagne.com\/en\/wp-json\/wp\/v2\/pages\/759"}],"collection":[{"href":"https:\/\/meublesdelamontagne.com\/en\/wp-json\/wp\/v2\/pages"}],"about":[{"href":"https:\/\/meublesdelamontagne.com\/en\/wp-json\/wp\/v2\/types\/page"}],"author":[{"embeddable":true,"href":"https:\/\/meublesdelamontagne.com\/en\/wp-json\/wp\/v2\/users\/1"}],"replies":[{"embeddable":true,"href":"https:\/\/meublesdelamontagne.com\/en\/wp-json\/wp\/v2\/comments?post=759"}],"version-history":[{"count":1,"href":"https:\/\/meublesdelamontagne.com\/en\/wp-json\/wp\/v2\/pages\/759\/revisions"}],"predecessor-version":[{"id":760,"href":"https:\/\/meublesdelamontagne.com\/en\/wp-json\/wp\/v2\/pages\/759\/revisions\/760"}],"wp:attachment":[{"href":"https:\/\/meublesdelamontagne.com\/en\/wp-json\/wp\/v2\/media?parent=759"}],"curies":[{"name":"wp","href":"https:\/\/api.w.org\/{rel}","templated":true}]}}